{"id":3364,"date":"2023-07-10T14:40:32","date_gmt":"2023-07-10T14:40:32","guid":{"rendered":"https:\/\/andalicante.org\/andashop\/?post_type=product&#038;p=3364"},"modified":"2023-07-10T17:21:08","modified_gmt":"2023-07-10T17:21:08","slug":"correa-para-bolso-o-tablet","status":"publish","type":"product","link":"https:\/\/andalicante.org\/andashop\/producto\/correa-para-bolso-o-tablet\/","title":{"rendered":"Correa para bolso o tablet"},"content":{"rendered":"<p>Los colgantes est\u00e1n cortados por nuestro equipo de j\u00f3venes, para despu\u00e9s coserlos a maquina las voluntarias.\u00a0 Se pueden enganchar en cualquier cosa que tenga argollas, como un bolso, la funda de una tablet, etc. Se pueden quitar en cuanquier momento para lavarlo. La medida total es de 111cm, pero puede hacerse m\u00e1s peque\u00f1o ya que dispone de una anilla para ajustar.<\/p>\n<p>Cada pieza es \u00fanica, por lo que la forma, el tama\u00f1o y los colores pueden variar de uno a otro. Lavar a mano con agua fria.<\/p>\n<p>&nbsp;<\/p>\n","protected":false},"excerpt":{"rendered":"<p>Los colgantes est\u00e1n cortados por nuestro equipo de j\u00f3venes, para despu\u00e9s coserlos a maquina las voluntarias.\u00a0 Se pueden enganchar en cualquier cosa que tenga argollas, como un bolso, la funda de una tablet, etc. Se pueden quitar en cuanquier momento para lavarlo. La medida total es de 111cm, pero puede hacerse m\u00e1s peque\u00f1o ya que dispone de una anilla para ajustar.<\/p>\n","protected":false},"featured_media":3361,"comment_status":"open","ping_status":"closed","template":"","meta":{"ocean_post_layout":"","ocean_both_sidebars_style":"","ocean_both_sidebars_content_width":0,"ocean_both_sidebars_sidebars_width":0,"ocean_sidebar":"0","ocean_second_sidebar":"0","ocean_disable_margins":"enable","ocean_add_body_class":"","ocean_shortcode_before_top_bar":"","ocean_shortcode_after_top_bar":"","ocean_shortcode_before_header":"","ocean_shortcode_after_header":"","ocean_has_shortcode":"","ocean_shortcode_after_title":"","ocean_shortcode_before_footer_widgets":"","ocean_shortcode_after_footer_widgets":"","ocean_shortcode_before_footer_bottom":"","ocean_shortcode_after_footer_bottom":"","ocean_display_top_bar":"default","ocean_display_header":"default","ocean_header_style":"","ocean_center_header_left_menu":"0","ocean_custom_header_template":"0","ocean_custom_logo":0,"ocean_custom_retina_logo":0,"ocean_custom_logo_max_width":0,"ocean_custom_logo_tablet_max_width":0,"ocean_custom_logo_mobile_max_width":0,"ocean_custom_logo_max_height":0,"ocean_custom_logo_tablet_max_height":0,"ocean_custom_logo_mobile_max_height":0,"ocean_header_custom_menu":"0","ocean_menu_typo_font_family":"0","ocean_menu_typo_font_subset":"","ocean_menu_typo_font_size":0,"ocean_menu_typo_font_size_tablet":0,"ocean_menu_typo_font_size_mobile":0,"ocean_menu_typo_font_size_unit":"px","ocean_menu_typo_font_weight":"","ocean_menu_typo_font_weight_tablet":"","ocean_menu_typo_font_weight_mobile":"","ocean_menu_typo_transform":"","ocean_menu_typo_transform_tablet":"","ocean_menu_typo_transform_mobile":"","ocean_menu_typo_line_height":0,"ocean_menu_typo_line_height_tablet":0,"ocean_menu_typo_line_height_mobile":0,"ocean_menu_typo_line_height_unit":"","ocean_menu_typo_spacing":0,"ocean_menu_typo_spacing_tablet":0,"ocean_menu_typo_spacing_mobile":0,"ocean_menu_typo_spacing_unit":"","ocean_menu_link_color":"","ocean_menu_link_color_hover":"","ocean_menu_link_color_active":"","ocean_menu_link_background":"","ocean_menu_link_hover_background":"","ocean_menu_link_active_background":"","ocean_menu_social_links_bg":"","ocean_menu_social_hover_links_bg":"","ocean_menu_social_links_color":"","ocean_menu_social_hover_links_color":"","ocean_disable_title":"default","ocean_disable_heading":"default","ocean_post_title":"","ocean_post_subheading":"","ocean_post_title_style":"","ocean_post_title_background_color":"","ocean_post_title_background":0,"ocean_post_title_bg_image_position":"","ocean_post_title_bg_image_attachment":"","ocean_post_title_bg_image_repeat":"","ocean_post_title_bg_image_size":"","ocean_post_title_height":0,"ocean_post_title_bg_overlay":0.5,"ocean_post_title_bg_overlay_color":"","ocean_disable_breadcrumbs":"default","ocean_breadcrumbs_color":"","ocean_breadcrumbs_separator_color":"","ocean_breadcrumbs_links_color":"","ocean_breadcrumbs_links_hover_color":"","ocean_display_footer_widgets":"default","ocean_display_footer_bottom":"default","ocean_custom_footer_template":"0"},"product_brand":[],"product_cat":[588,16],"product_tag":[368,236,585,514,147,85,106,584,515,146,145,590],"berocket_brand":[],"class_list":{"0":"post-3364","1":"product","2":"type-product","3":"status-publish","4":"has-post-thumbnail","6":"product_cat-otros","7":"product_cat-complementos","8":"product_tag-bolso","9":"product_tag-colgante","10":"product_tag-cuelgallaves","11":"product_tag-cuelgamovil","12":"product_tag-hands-made","13":"product_tag-hecho-a-mano","14":"product_tag-infantil","15":"product_tag-llaves","16":"product_tag-movil","17":"product_tag-nina","18":"product_tag-nino","19":"product_tag-tablet","21":"entry","22":"has-media","24":"first","25":"instock","26":"purchasable","27":"product-type-variable","28":"has-product-nav","29":"col","30":"span_1_of_3","31":"owp-content-center","32":"owp-thumbs-layout-horizontal","33":"owp-btn-normal","34":"owp-tabs-layout-horizontal"},"_links":{"self":[{"href":"https:\/\/andalicante.org\/andashop\/wp-json\/wp\/v2\/product\/3364","targetHints":{"allow":["GET"]}}],"collection":[{"href":"https:\/\/andalicante.org\/andashop\/wp-json\/wp\/v2\/product"}],"about":[{"href":"https:\/\/andalicante.org\/andashop\/wp-json\/wp\/v2\/types\/product"}],"replies":[{"embeddable":true,"href":"https:\/\/andalicante.org\/andashop\/wp-json\/wp\/v2\/comments?post=3364"}],"wp:featuredmedia":[{"embeddable":true,"href":"https:\/\/andalicante.org\/andashop\/wp-json\/wp\/v2\/media\/3361"}],"wp:attachment":[{"href":"https:\/\/andalicante.org\/andashop\/wp-json\/wp\/v2\/media?parent=3364"}],"wp:term":[{"taxonomy":"product_brand","embeddable":true,"href":"https:\/\/andalicante.org\/andashop\/wp-json\/wp\/v2\/product_brand?post=3364"},{"taxonomy":"product_cat","embeddable":true,"href":"https:\/\/andalicante.org\/andashop\/wp-json\/wp\/v2\/product_cat?post=3364"},{"taxonomy":"product_tag","embeddable":true,"href":"https:\/\/andalicante.org\/andashop\/wp-json\/wp\/v2\/product_tag?post=3364"},{"taxonomy":"berocket_brand","embeddable":true,"href":"https:\/\/andalicante.org\/andashop\/wp-json\/wp\/v2\/berocket_brand?post=3364"}],"curies":[{"name":"wp","href":"https:\/\/api.w.org\/{rel}","templated":true}]}}