{"id":2319,"date":"2021-04-22T07:07:50","date_gmt":"2021-04-22T07:07:50","guid":{"rendered":"https:\/\/andalicante.org\/andashop\/?post_type=product&#038;p=2319"},"modified":"2022-11-30T20:19:35","modified_gmt":"2022-11-30T20:19:35","slug":"domino-de-texturas","status":"publish","type":"product","link":"https:\/\/andalicante.org\/andashop\/producto\/domino-de-texturas\/","title":{"rendered":"Domin\u00f3 de texturas"},"content":{"rendered":"<p>Este juego educativo est\u00e1 hecho a mano por nuestras voluntarias de la asociaci\u00f3n. Se trata de piezas de cart\u00f3n con diferentes telas, creando as\u00ed una variaci\u00f3n de texturas. Este juego se puede utilizar tanto con personas con problemas de visi\u00f3n, como con ni\u00f1xs peque\u00f1os con lo que se quiera descubrir nuevas texturas.<\/p>\n<p>El juego se compone de 27 fichas con 11 texturas diferentes, todo ello guardado en un recipiente que mide 7,50 x 19cm.<\/p>\n<p>Domin\u00f3 de texturas es \u00fanico. Un recurso genial para tener tanto en casa como en el mundo educativo, para trabajar desde los 3 a\u00f1os.<\/p>\n<p>&nbsp;<\/p>\n<p>&nbsp;<\/p>\n","protected":false},"excerpt":{"rendered":"<p>Este juego educativo est\u00e1 hecho a mano por nuestras voluntarias de la asociaci\u00f3n. Se trata de piezas de cart\u00f3n con diferentes telas, creando as\u00ed una variaci\u00f3n de texturas. Este juego se puede utilizar tanto con personas con problemas de visi\u00f3n, como con ni\u00f1xs peque\u00f1os con lo que se quiera descubrir nuevas texturas.<\/p>\n","protected":false},"featured_media":2320,"comment_status":"open","ping_status":"closed","template":"","meta":{"ocean_post_layout":"","ocean_both_sidebars_style":"","ocean_both_sidebars_content_width":0,"ocean_both_sidebars_sidebars_width":0,"ocean_sidebar":"0","ocean_second_sidebar":"0","ocean_disable_margins":"enable","ocean_add_body_class":"","ocean_shortcode_before_top_bar":"","ocean_shortcode_after_top_bar":"","ocean_shortcode_before_header":"","ocean_shortcode_after_header":"","ocean_has_shortcode":"","ocean_shortcode_after_title":"","ocean_shortcode_before_footer_widgets":"","ocean_shortcode_after_footer_widgets":"","ocean_shortcode_before_footer_bottom":"","ocean_shortcode_after_footer_bottom":"","ocean_display_top_bar":"default","ocean_display_header":"default","ocean_header_style":"","ocean_center_header_left_menu":"0","ocean_custom_header_template":"0","ocean_custom_logo":0,"ocean_custom_retina_logo":0,"ocean_custom_logo_max_width":0,"ocean_custom_logo_tablet_max_width":0,"ocean_custom_logo_mobile_max_width":0,"ocean_custom_logo_max_height":0,"ocean_custom_logo_tablet_max_height":0,"ocean_custom_logo_mobile_max_height":0,"ocean_header_custom_menu":"0","ocean_menu_typo_font_family":"0","ocean_menu_typo_font_subset":"","ocean_menu_typo_font_size":0,"ocean_menu_typo_font_size_tablet":0,"ocean_menu_typo_font_size_mobile":0,"ocean_menu_typo_font_size_unit":"px","ocean_menu_typo_font_weight":"","ocean_menu_typo_font_weight_tablet":"","ocean_menu_typo_font_weight_mobile":"","ocean_menu_typo_transform":"","ocean_menu_typo_transform_tablet":"","ocean_menu_typo_transform_mobile":"","ocean_menu_typo_line_height":0,"ocean_menu_typo_line_height_tablet":0,"ocean_menu_typo_line_height_mobile":0,"ocean_menu_typo_line_height_unit":"","ocean_menu_typo_spacing":0,"ocean_menu_typo_spacing_tablet":0,"ocean_menu_typo_spacing_mobile":0,"ocean_menu_typo_spacing_unit":"","ocean_menu_link_color":"","ocean_menu_link_color_hover":"","ocean_menu_link_color_active":"","ocean_menu_link_background":"","ocean_menu_link_hover_background":"","ocean_menu_link_active_background":"","ocean_menu_social_links_bg":"","ocean_menu_social_hover_links_bg":"","ocean_menu_social_links_color":"","ocean_menu_social_hover_links_color":"","ocean_disable_title":"default","ocean_disable_heading":"default","ocean_post_title":"","ocean_post_subheading":"","ocean_post_title_style":"","ocean_post_title_background_color":"","ocean_post_title_background":0,"ocean_post_title_bg_image_position":"","ocean_post_title_bg_image_attachment":"","ocean_post_title_bg_image_repeat":"","ocean_post_title_bg_image_size":"","ocean_post_title_height":0,"ocean_post_title_bg_overlay":0.5,"ocean_post_title_bg_overlay_color":"","ocean_disable_breadcrumbs":"default","ocean_breadcrumbs_color":"","ocean_breadcrumbs_separator_color":"","ocean_breadcrumbs_links_color":"","ocean_breadcrumbs_links_hover_color":"","ocean_display_footer_widgets":"default","ocean_display_footer_bottom":"default","ocean_custom_footer_template":"0"},"product_brand":[],"product_cat":[24,402],"product_tag":[479,393,147,85,274,481,404,273,146,145,388,151,480],"berocket_brand":[525],"class_list":{"0":"post-2319","1":"product","2":"type-product","3":"status-publish","4":"has-post-thumbnail","6":"product_cat-educativo","7":"product_cat-emociones","8":"product_tag-domino","9":"product_tag-educacion","10":"product_tag-hands-made","11":"product_tag-hecho-a-mano","12":"product_tag-hombre","13":"product_tag-invidentes","14":"product_tag-juego","15":"product_tag-mujer","16":"product_tag-nina","17":"product_tag-nino","18":"product_tag-original","19":"product_tag-telas","20":"product_tag-texturas","21":"berocket_brand-anda","23":"entry","24":"has-media","26":"first","27":"instock","28":"purchasable","29":"product-type-simple","30":"has-product-nav","31":"col","32":"span_1_of_3","33":"owp-content-center","34":"owp-thumbs-layout-horizontal","35":"owp-btn-normal","36":"owp-tabs-layout-horizontal"},"_links":{"self":[{"href":"https:\/\/andalicante.org\/andashop\/wp-json\/wp\/v2\/product\/2319","targetHints":{"allow":["GET"]}}],"collection":[{"href":"https:\/\/andalicante.org\/andashop\/wp-json\/wp\/v2\/product"}],"about":[{"href":"https:\/\/andalicante.org\/andashop\/wp-json\/wp\/v2\/types\/product"}],"replies":[{"embeddable":true,"href":"https:\/\/andalicante.org\/andashop\/wp-json\/wp\/v2\/comments?post=2319"}],"wp:featuredmedia":[{"embeddable":true,"href":"https:\/\/andalicante.org\/andashop\/wp-json\/wp\/v2\/media\/2320"}],"wp:attachment":[{"href":"https:\/\/andalicante.org\/andashop\/wp-json\/wp\/v2\/media?parent=2319"}],"wp:term":[{"taxonomy":"product_brand","embeddable":true,"href":"https:\/\/andalicante.org\/andashop\/wp-json\/wp\/v2\/product_brand?post=2319"},{"taxonomy":"product_cat","embeddable":true,"href":"https:\/\/andalicante.org\/andashop\/wp-json\/wp\/v2\/product_cat?post=2319"},{"taxonomy":"product_tag","embeddable":true,"href":"https:\/\/andalicante.org\/andashop\/wp-json\/wp\/v2\/product_tag?post=2319"},{"taxonomy":"berocket_brand","embeddable":true,"href":"https:\/\/andalicante.org\/andashop\/wp-json\/wp\/v2\/berocket_brand?post=2319"}],"curies":[{"name":"wp","href":"https:\/\/api.w.org\/{rel}","templated":true}]}}