{"id":2233,"date":"2021-02-12T08:54:12","date_gmt":"2021-02-12T08:54:12","guid":{"rendered":"https:\/\/andalicante.org\/andashop\/?post_type=product&#038;p=2233"},"modified":"2026-01-12T12:44:48","modified_gmt":"2026-01-12T12:44:48","slug":"aparato-reproductor-femenino","status":"publish","type":"product","link":"https:\/\/andalicante.org\/andashop\/producto\/aparato-reproductor-femenino\/","title":{"rendered":"Vagina + Cl\u00edtoris"},"content":{"rendered":"<p>Con este pack de Bulva y cl\u00edtoris hecho a mano a ganchillo, podr\u00e1s ver a tama\u00f1o real las partes del aparato reproductor femenino. El dise\u00f1o est\u00e1 realizado para que las dos piezas se vean tanto por separado, como unidas, haciendo que el cl\u00edtoris encaje a la perfecci\u00f3n en el lugar exacto de la vagina, de esta manera podemos utilizarlo como apoyo visual en educaci\u00f3n sexual. Medidas 11,5 x 10,5 cm.<\/p>\n<p>Por un lado el cl\u00edtoris est\u00e1 formado por el glande, pilar del cl\u00edtoris, bulbo del vest\u00edbulo y una peque\u00f1a parte por donde pasa la apertura de la uretra. Por otro lado en la vagina podemos ver el orificio del cl\u00edtoris donde encajamos este, los labios mayores, los labios menores, la abertura de la uretra y abertura vaginal que pasa entre medias del cl\u00edtoris hasta llegar al \u00fatero.<\/p>\n<p>Es un recurso id\u00f3neo para todo tipo de edades y perfiles profesionales, psic\u00f3logos\/as, sex\u00f3logos\/as, educadores\/as sociales, profesores\/as, etc.<\/p>\n<p>Lavar solo a mano con temperaturas bajas.<\/p>\n","protected":false},"excerpt":{"rendered":"<p>Con este pack de vagina y cl\u00edtoris hecho a mano a ganchillo, podr\u00e1s ver a tama\u00f1o real las partes del aparato reproductor femenino. Medidas 11,5 x 10,5 cm.<\/p>\n<p>&nbsp;<\/p>\n<p>&nbsp;<\/p>\n","protected":false},"featured_media":2220,"comment_status":"open","ping_status":"closed","template":"","meta":{"ocean_post_layout":"","ocean_both_sidebars_style":"","ocean_both_sidebars_content_width":0,"ocean_both_sidebars_sidebars_width":0,"ocean_sidebar":"0","ocean_second_sidebar":"0","ocean_disable_margins":"enable","ocean_add_body_class":"","ocean_shortcode_before_top_bar":"","ocean_shortcode_after_top_bar":"","ocean_shortcode_before_header":"","ocean_shortcode_after_header":"","ocean_has_shortcode":"","ocean_shortcode_after_title":"","ocean_shortcode_before_footer_widgets":"","ocean_shortcode_after_footer_widgets":"","ocean_shortcode_before_footer_bottom":"","ocean_shortcode_after_footer_bottom":"","ocean_display_top_bar":"default","ocean_display_header":"default","ocean_header_style":"","ocean_center_header_left_menu":"0","ocean_custom_header_template":"0","ocean_custom_logo":0,"ocean_custom_retina_logo":0,"ocean_custom_logo_max_width":0,"ocean_custom_logo_tablet_max_width":0,"ocean_custom_logo_mobile_max_width":0,"ocean_custom_logo_max_height":0,"ocean_custom_logo_tablet_max_height":0,"ocean_custom_logo_mobile_max_height":0,"ocean_header_custom_menu":"0","ocean_menu_typo_font_family":"0","ocean_menu_typo_font_subset":"","ocean_menu_typo_font_size":0,"ocean_menu_typo_font_size_tablet":0,"ocean_menu_typo_font_size_mobile":0,"ocean_menu_typo_font_size_unit":"px","ocean_menu_typo_font_weight":"","ocean_menu_typo_font_weight_tablet":"","ocean_menu_typo_font_weight_mobile":"","ocean_menu_typo_transform":"","ocean_menu_typo_transform_tablet":"","ocean_menu_typo_transform_mobile":"","ocean_menu_typo_line_height":0,"ocean_menu_typo_line_height_tablet":0,"ocean_menu_typo_line_height_mobile":0,"ocean_menu_typo_line_height_unit":"","ocean_menu_typo_spacing":0,"ocean_menu_typo_spacing_tablet":0,"ocean_menu_typo_spacing_mobile":0,"ocean_menu_typo_spacing_unit":"","ocean_menu_link_color":"","ocean_menu_link_color_hover":"","ocean_menu_link_color_active":"","ocean_menu_link_background":"","ocean_menu_link_hover_background":"","ocean_menu_link_active_background":"","ocean_menu_social_links_bg":"","ocean_menu_social_hover_links_bg":"","ocean_menu_social_links_color":"","ocean_menu_social_hover_links_color":"","ocean_disable_title":"default","ocean_disable_heading":"default","ocean_post_title":"","ocean_post_subheading":"","ocean_post_title_style":"","ocean_post_title_background_color":"","ocean_post_title_background":0,"ocean_post_title_bg_image_position":"","ocean_post_title_bg_image_attachment":"","ocean_post_title_bg_image_repeat":"","ocean_post_title_bg_image_size":"","ocean_post_title_height":0,"ocean_post_title_bg_overlay":0.5,"ocean_post_title_bg_overlay_color":"","ocean_disable_breadcrumbs":"default","ocean_breadcrumbs_color":"","ocean_breadcrumbs_separator_color":"","ocean_breadcrumbs_links_color":"","ocean_breadcrumbs_links_hover_color":"","ocean_display_footer_widgets":"default","ocean_display_footer_bottom":"default","ocean_custom_footer_template":"0"},"product_brand":[],"product_cat":[460,24],"product_tag":[53,465,466,45,34,464,463,461,462],"berocket_brand":[525],"class_list":{"0":"post-2233","1":"product","2":"type-product","3":"status-publish","4":"has-post-thumbnail","6":"product_cat-sexualidad","7":"product_cat-educativo","8":"product_tag-algodon-100","9":"product_tag-aparato-reproductor","10":"product_tag-clitoris","11":"product_tag-crochet","12":"product_tag-ganchillo","13":"product_tag-reproduccion","14":"product_tag-sexo","15":"product_tag-sexualidad","16":"product_tag-vagina","17":"berocket_brand-anda","19":"entry","20":"has-media","22":"first","23":"instock","24":"purchasable","25":"product-type-variable","26":"has-default-attributes","27":"has-product-nav","28":"col","29":"span_1_of_3","30":"owp-content-center","31":"owp-thumbs-layout-horizontal","32":"owp-btn-normal","33":"owp-tabs-layout-horizontal"},"_links":{"self":[{"href":"https:\/\/andalicante.org\/andashop\/wp-json\/wp\/v2\/product\/2233","targetHints":{"allow":["GET"]}}],"collection":[{"href":"https:\/\/andalicante.org\/andashop\/wp-json\/wp\/v2\/product"}],"about":[{"href":"https:\/\/andalicante.org\/andashop\/wp-json\/wp\/v2\/types\/product"}],"replies":[{"embeddable":true,"href":"https:\/\/andalicante.org\/andashop\/wp-json\/wp\/v2\/comments?post=2233"}],"wp:featuredmedia":[{"embeddable":true,"href":"https:\/\/andalicante.org\/andashop\/wp-json\/wp\/v2\/media\/2220"}],"wp:attachment":[{"href":"https:\/\/andalicante.org\/andashop\/wp-json\/wp\/v2\/media?parent=2233"}],"wp:term":[{"taxonomy":"product_brand","embeddable":true,"href":"https:\/\/andalicante.org\/andashop\/wp-json\/wp\/v2\/product_brand?post=2233"},{"taxonomy":"product_cat","embeddable":true,"href":"https:\/\/andalicante.org\/andashop\/wp-json\/wp\/v2\/product_cat?post=2233"},{"taxonomy":"product_tag","embeddable":true,"href":"https:\/\/andalicante.org\/andashop\/wp-json\/wp\/v2\/product_tag?post=2233"},{"taxonomy":"berocket_brand","embeddable":true,"href":"https:\/\/andalicante.org\/andashop\/wp-json\/wp\/v2\/berocket_brand?post=2233"}],"curies":[{"name":"wp","href":"https:\/\/api.w.org\/{rel}","templated":true}]}}