{"id":1665,"date":"2021-01-25T16:41:01","date_gmt":"2021-01-25T16:41:01","guid":{"rendered":"https:\/\/andalicante.org\/andashop\/?post_type=product&#038;p=1665"},"modified":"2025-09-13T20:07:17","modified_gmt":"2025-09-13T20:07:17","slug":"plato-ganchillo-para-plantas","status":"publish","type":"product","link":"https:\/\/andalicante.org\/andashop\/producto\/plato-ganchillo-para-plantas\/","title":{"rendered":"Plato ganchillo para plantas"},"content":{"rendered":"<p>Estos platos pueden tener tambi\u00e9n la funci\u00f3n de guardacosas. Est\u00e1n hechos de ganchillo por nuestras voluntarias de la asociaci\u00f3n. En la parte interna tiene un bol de pl\u00e1stico, el cual en casi todos los maceteros est\u00e1 reciclado. Tiene un tama\u00f1o de 10 x 5 cm aproximados.<\/p>\n<p>Es perfecto para colocar las macetas que tienen agujeros por donde sale el agua, de esta manera evitaremos ensuciarlo todo.<\/p>\n<p>Cada plato es \u00fanico, por lo que la forma, el tama\u00f1o y los colores pueden variar de uno a otro.<\/p>\n<p>&nbsp;<\/p>\n","protected":false},"excerpt":{"rendered":"<p>Estos platos pueden tener tambi\u00e9n la funci\u00f3n de guardacosas. Est\u00e1n hechos de ganchillo por nuestras voluntarias de la asociaci\u00f3n. En la parte interna tiene un bol de pl\u00e1stico, el cual en casi todos los maceteros est\u00e1 reciclado. Tiene un tama\u00f1o de 10 x 5 cm aproximados.<\/p>\n","protected":false},"featured_media":1684,"comment_status":"open","ping_status":"closed","template":"","meta":{"ocean_post_layout":"","ocean_both_sidebars_style":"","ocean_both_sidebars_content_width":0,"ocean_both_sidebars_sidebars_width":0,"ocean_sidebar":"0","ocean_second_sidebar":"0","ocean_disable_margins":"enable","ocean_add_body_class":"","ocean_shortcode_before_top_bar":"","ocean_shortcode_after_top_bar":"","ocean_shortcode_before_header":"","ocean_shortcode_after_header":"","ocean_has_shortcode":"","ocean_shortcode_after_title":"","ocean_shortcode_before_footer_widgets":"","ocean_shortcode_after_footer_widgets":"","ocean_shortcode_before_footer_bottom":"","ocean_shortcode_after_footer_bottom":"","ocean_display_top_bar":"default","ocean_display_header":"default","ocean_header_style":"","ocean_center_header_left_menu":"0","ocean_custom_header_template":"0","ocean_custom_logo":0,"ocean_custom_retina_logo":0,"ocean_custom_logo_max_width":0,"ocean_custom_logo_tablet_max_width":0,"ocean_custom_logo_mobile_max_width":0,"ocean_custom_logo_max_height":0,"ocean_custom_logo_tablet_max_height":0,"ocean_custom_logo_mobile_max_height":0,"ocean_header_custom_menu":"0","ocean_menu_typo_font_family":"0","ocean_menu_typo_font_subset":"","ocean_menu_typo_font_size":0,"ocean_menu_typo_font_size_tablet":0,"ocean_menu_typo_font_size_mobile":0,"ocean_menu_typo_font_size_unit":"px","ocean_menu_typo_font_weight":"","ocean_menu_typo_font_weight_tablet":"","ocean_menu_typo_font_weight_mobile":"","ocean_menu_typo_transform":"","ocean_menu_typo_transform_tablet":"","ocean_menu_typo_transform_mobile":"","ocean_menu_typo_line_height":0,"ocean_menu_typo_line_height_tablet":0,"ocean_menu_typo_line_height_mobile":0,"ocean_menu_typo_line_height_unit":"","ocean_menu_typo_spacing":0,"ocean_menu_typo_spacing_tablet":0,"ocean_menu_typo_spacing_mobile":0,"ocean_menu_typo_spacing_unit":"","ocean_menu_link_color":"","ocean_menu_link_color_hover":"","ocean_menu_link_color_active":"","ocean_menu_link_background":"","ocean_menu_link_hover_background":"","ocean_menu_link_active_background":"","ocean_menu_social_links_bg":"","ocean_menu_social_hover_links_bg":"","ocean_menu_social_links_color":"","ocean_menu_social_hover_links_color":"","ocean_disable_title":"default","ocean_disable_heading":"default","ocean_post_title":"","ocean_post_subheading":"","ocean_post_title_style":"","ocean_post_title_background_color":"","ocean_post_title_background":0,"ocean_post_title_bg_image_position":"","ocean_post_title_bg_image_attachment":"","ocean_post_title_bg_image_repeat":"","ocean_post_title_bg_image_size":"","ocean_post_title_height":0,"ocean_post_title_bg_overlay":0.5,"ocean_post_title_bg_overlay_color":"","ocean_disable_breadcrumbs":"default","ocean_breadcrumbs_color":"","ocean_breadcrumbs_separator_color":"","ocean_breadcrumbs_links_color":"","ocean_breadcrumbs_links_hover_color":"","ocean_display_footer_widgets":"default","ocean_display_footer_bottom":"default","ocean_custom_footer_template":"0"},"product_brand":[],"product_cat":[22,143],"product_tag":[38,45,34,147,85,274,344,273,146,145,346,345],"berocket_brand":[525],"class_list":{"0":"post-1665","1":"product","2":"type-product","3":"status-publish","4":"has-post-thumbnail","6":"product_cat-decoracion","7":"product_cat-maceteros","8":"product_tag-adorno","9":"product_tag-crochet","10":"product_tag-ganchillo","11":"product_tag-hands-made","12":"product_tag-hecho-a-mano","13":"product_tag-hombre","14":"product_tag-macetero","15":"product_tag-mujer","16":"product_tag-nina","17":"product_tag-nino","18":"product_tag-plantar","19":"product_tag-plantas","20":"berocket_brand-anda","22":"entry","23":"has-media","25":"first","26":"instock","27":"purchasable","28":"product-type-variable","29":"has-product-nav","30":"col","31":"span_1_of_3","32":"owp-content-center","33":"owp-thumbs-layout-horizontal","34":"owp-btn-normal","35":"owp-tabs-layout-horizontal"},"_links":{"self":[{"href":"https:\/\/andalicante.org\/andashop\/wp-json\/wp\/v2\/product\/1665","targetHints":{"allow":["GET"]}}],"collection":[{"href":"https:\/\/andalicante.org\/andashop\/wp-json\/wp\/v2\/product"}],"about":[{"href":"https:\/\/andalicante.org\/andashop\/wp-json\/wp\/v2\/types\/product"}],"replies":[{"embeddable":true,"href":"https:\/\/andalicante.org\/andashop\/wp-json\/wp\/v2\/comments?post=1665"}],"wp:featuredmedia":[{"embeddable":true,"href":"https:\/\/andalicante.org\/andashop\/wp-json\/wp\/v2\/media\/1684"}],"wp:attachment":[{"href":"https:\/\/andalicante.org\/andashop\/wp-json\/wp\/v2\/media?parent=1665"}],"wp:term":[{"taxonomy":"product_brand","embeddable":true,"href":"https:\/\/andalicante.org\/andashop\/wp-json\/wp\/v2\/product_brand?post=1665"},{"taxonomy":"product_cat","embeddable":true,"href":"https:\/\/andalicante.org\/andashop\/wp-json\/wp\/v2\/product_cat?post=1665"},{"taxonomy":"product_tag","embeddable":true,"href":"https:\/\/andalicante.org\/andashop\/wp-json\/wp\/v2\/product_tag?post=1665"},{"taxonomy":"berocket_brand","embeddable":true,"href":"https:\/\/andalicante.org\/andashop\/wp-json\/wp\/v2\/berocket_brand?post=1665"}],"curies":[{"name":"wp","href":"https:\/\/api.w.org\/{rel}","templated":true}]}}